{"id":21,"date":"2025-08-19T16:34:57","date_gmt":"2025-08-19T21:34:57","guid":{"rendered":"https:\/\/click2action.com.co\/serviminas\/?page_id=21"},"modified":"2025-12-05T11:01:24","modified_gmt":"2025-12-05T16:01:24","slug":"blog","status":"publish","type":"page","link":"https:\/\/www.serviminas.com\/index.php\/blog\/","title":{"rendered":"Blog"},"content":{"rendered":"\t\t<div data-elementor-type=\"wp-page\" data-elementor-id=\"21\" class=\"elementor elementor-21\" data-elementor-post-type=\"page\">\n\t\t\t\t<div class=\"elementor-element elementor-element-2e3bfd3 e-flex e-con-boxed e-con e-parent\" data-id=\"2e3bfd3\" data-element_type=\"container\" data-e-type=\"container\">\n\t\t\t\t\t<div class=\"e-con-inner\">\n\t\t\t\t<div class=\"elementor-element elementor-element-892eed9 elementor-hidden-mobile elementor-widget elementor-widget-image\" data-id=\"892eed9\" data-element_type=\"widget\" data-e-type=\"widget\" data-widget_type=\"image.default\">\n\t\t\t\t\t\t\t\t\t\t\t\t\t\t\t<img fetchpriority=\"high\" decoding=\"async\" width=\"2560\" height=\"588\" src=\"https:\/\/www.serviminas.com\/wp-content\/uploads\/2025\/12\/Banner-Web_11zon.jpg\" class=\"attachment-full size-full wp-image-356\" alt=\"\" srcset=\"https:\/\/www.serviminas.com\/wp-content\/uploads\/2025\/12\/Banner-Web_11zon.jpg 2560w, https:\/\/www.serviminas.com\/wp-content\/uploads\/2025\/12\/Banner-Web_11zon-300x69.jpg 300w, https:\/\/www.serviminas.com\/wp-content\/uploads\/2025\/12\/Banner-Web_11zon-1024x235.jpg 1024w, https:\/\/www.serviminas.com\/wp-content\/uploads\/2025\/12\/Banner-Web_11zon-768x176.jpg 768w, https:\/\/www.serviminas.com\/wp-content\/uploads\/2025\/12\/Banner-Web_11zon-1536x353.jpg 1536w, https:\/\/www.serviminas.com\/wp-content\/uploads\/2025\/12\/Banner-Web_11zon-2048x470.jpg 2048w\" sizes=\"(max-width: 2560px) 100vw, 2560px\" \/>\t\t\t\t\t\t\t\t\t\t\t\t\t\t\t<\/div>\n\t\t\t\t<div class=\"elementor-element elementor-element-8e34f9d elementor-hidden-desktop elementor-hidden-tablet elementor-widget elementor-widget-image\" data-id=\"8e34f9d\" data-element_type=\"widget\" data-e-type=\"widget\" data-widget_type=\"image.default\">\n\t\t\t\t\t\t\t\t\t\t\t\t\t\t\t<img decoding=\"async\" width=\"480\" height=\"480\" src=\"https:\/\/www.serviminas.com\/wp-content\/uploads\/2025\/12\/Banner-Movil.jpg\" class=\"attachment-full size-full wp-image-355\" alt=\"\" srcset=\"https:\/\/www.serviminas.com\/wp-content\/uploads\/2025\/12\/Banner-Movil.jpg 480w, https:\/\/www.serviminas.com\/wp-content\/uploads\/2025\/12\/Banner-Movil-300x300.jpg 300w, https:\/\/www.serviminas.com\/wp-content\/uploads\/2025\/12\/Banner-Movil-150x150.jpg 150w\" sizes=\"(max-width: 480px) 100vw, 480px\" \/>\t\t\t\t\t\t\t\t\t\t\t\t\t\t\t<\/div>\n\t\t\t\t\t<\/div>\n\t\t\t\t<\/div>\n\t\t<div class=\"elementor-element elementor-element-ea30777 e-flex e-con-boxed e-con e-parent\" data-id=\"ea30777\" data-element_type=\"container\" data-e-type=\"container\">\n\t\t\t\t\t<div class=\"e-con-inner\">\n\t\t\t\t<div class=\"elementor-element elementor-element-36514ff elementor-grid-3 elementor-grid-tablet-2 elementor-grid-mobile-1 elementor-posts--thumbnail-top elementor-card-shadow-yes elementor-posts__hover-gradient elementor-widget elementor-widget-posts\" data-id=\"36514ff\" data-element_type=\"widget\" data-e-type=\"widget\" data-settings=\"{&quot;cards_columns&quot;:&quot;3&quot;,&quot;cards_columns_tablet&quot;:&quot;2&quot;,&quot;cards_columns_mobile&quot;:&quot;1&quot;,&quot;cards_row_gap&quot;:{&quot;unit&quot;:&quot;px&quot;,&quot;size&quot;:35,&quot;sizes&quot;:[]},&quot;cards_row_gap_tablet&quot;:{&quot;unit&quot;:&quot;px&quot;,&quot;size&quot;:&quot;&quot;,&quot;sizes&quot;:[]},&quot;cards_row_gap_mobile&quot;:{&quot;unit&quot;:&quot;px&quot;,&quot;size&quot;:&quot;&quot;,&quot;sizes&quot;:[]}}\" data-widget_type=\"posts.cards\">\n\t\t\t\t<div class=\"elementor-widget-container\">\n\t\t\t\t\t\t\t<div class=\"elementor-posts-container elementor-posts elementor-posts--skin-cards elementor-grid\" role=\"list\">\n\t\t\t\t<article class=\"elementor-post elementor-grid-item post-433 post type-post status-publish format-standard has-post-thumbnail hentry category-sin-categoria\" role=\"listitem\">\n\t\t\t<div class=\"elementor-post__card\">\n\t\t\t\t<a class=\"elementor-post__thumbnail__link\" href=\"https:\/\/www.serviminas.com\/index.php\/2026\/04\/29\/por-que-es-clave-elegir-bien-el-tipo-de-perforacion\/\" tabindex=\"-1\" ><div class=\"elementor-post__thumbnail\"><img decoding=\"async\" width=\"1200\" height=\"900\" src=\"https:\/\/www.serviminas.com\/wp-content\/uploads\/2026\/04\/BANNER-BLOG-2.jpg\" class=\"attachment-full size-full wp-image-437\" alt=\"\" srcset=\"https:\/\/www.serviminas.com\/wp-content\/uploads\/2026\/04\/BANNER-BLOG-2.jpg 1200w, https:\/\/www.serviminas.com\/wp-content\/uploads\/2026\/04\/BANNER-BLOG-2-300x225.jpg 300w, https:\/\/www.serviminas.com\/wp-content\/uploads\/2026\/04\/BANNER-BLOG-2-1024x768.jpg 1024w, https:\/\/www.serviminas.com\/wp-content\/uploads\/2026\/04\/BANNER-BLOG-2-768x576.jpg 768w\" sizes=\"(max-width: 1200px) 100vw, 1200px\" \/><\/div><\/a>\n\t\t\t\t<div class=\"elementor-post__text\">\n\t\t\t\t<div class=\"elementor-post__excerpt\">\n\t\t\t<p>En miner\u00eda, geotecnia e infraestructura, no existe una \u00fanica forma de perforar. Cada t\u00e9cnica responde a un objetivo distinto, y elegir la incorrecta puede afectar<\/p>\n\t\t<\/div>\n\t\t\n\t\t<a class=\"elementor-post__read-more\" href=\"https:\/\/www.serviminas.com\/index.php\/2026\/04\/29\/por-que-es-clave-elegir-bien-el-tipo-de-perforacion\/\" aria-label=\"Read more about \u00bfPor qu\u00e9 es clave elegir bien el tipo de perforaci\u00f3n?\" tabindex=\"-1\" >\n\t\t\tLeer m\u00e1s\t\t<\/a>\n\n\t\t\t\t<\/div>\n\t\t\t\t<div class=\"elementor-post__meta-data\">\n\t\t\t\t\t<span class=\"elementor-post-date\">\n\t\t\t29 abril, 2026\t\t<\/span>\n\t\t\t\t<\/div>\n\t\t\t\t\t<\/div>\n\t\t<\/article>\n\t\t\t\t<article class=\"elementor-post elementor-grid-item post-396 post type-post status-publish format-standard has-post-thumbnail hentry category-sin-categoria\" role=\"listitem\">\n\t\t\t<div class=\"elementor-post__card\">\n\t\t\t\t<a class=\"elementor-post__thumbnail__link\" href=\"https:\/\/www.serviminas.com\/index.php\/2026\/03\/16\/antes-de-invertir-el-terreno-debe-responder\/\" tabindex=\"-1\" ><div class=\"elementor-post__thumbnail\"><img loading=\"lazy\" decoding=\"async\" width=\"1200\" height=\"900\" src=\"https:\/\/www.serviminas.com\/wp-content\/uploads\/2026\/03\/BANNER-BLOG-3.jpg\" class=\"attachment-full size-full wp-image-397\" alt=\"\" srcset=\"https:\/\/www.serviminas.com\/wp-content\/uploads\/2026\/03\/BANNER-BLOG-3.jpg 1200w, https:\/\/www.serviminas.com\/wp-content\/uploads\/2026\/03\/BANNER-BLOG-3-300x225.jpg 300w, https:\/\/www.serviminas.com\/wp-content\/uploads\/2026\/03\/BANNER-BLOG-3-1024x768.jpg 1024w, https:\/\/www.serviminas.com\/wp-content\/uploads\/2026\/03\/BANNER-BLOG-3-768x576.jpg 768w\" sizes=\"(max-width: 1200px) 100vw, 1200px\" \/><\/div><\/a>\n\t\t\t\t<div class=\"elementor-post__text\">\n\t\t\t\t<div class=\"elementor-post__excerpt\">\n\t\t\t<p>En miner\u00eda, la primera decisi\u00f3n importante no es qu\u00e9 maquinaria utilizar ni d\u00f3nde iniciar una operaci\u00f3n. La pregunta inicial es mucho m\u00e1s simple: \u00bfel terreno<\/p>\n\t\t<\/div>\n\t\t\n\t\t<a class=\"elementor-post__read-more\" href=\"https:\/\/www.serviminas.com\/index.php\/2026\/03\/16\/antes-de-invertir-el-terreno-debe-responder\/\" aria-label=\"Read more about Antes de invertir, el terreno debe responder\" tabindex=\"-1\" >\n\t\t\tLeer m\u00e1s\t\t<\/a>\n\n\t\t\t\t<\/div>\n\t\t\t\t<div class=\"elementor-post__meta-data\">\n\t\t\t\t\t<span class=\"elementor-post-date\">\n\t\t\t16 marzo, 2026\t\t<\/span>\n\t\t\t\t<\/div>\n\t\t\t\t\t<\/div>\n\t\t<\/article>\n\t\t\t\t<article class=\"elementor-post elementor-grid-item post-374 post type-post status-publish format-standard has-post-thumbnail hentry category-sin-categoria\" role=\"listitem\">\n\t\t\t<div class=\"elementor-post__card\">\n\t\t\t\t<a class=\"elementor-post__thumbnail__link\" href=\"https:\/\/www.serviminas.com\/index.php\/2026\/02\/18\/testigos-cilindricos-informacion-critica-para-diseno-estabilidad-y-viabilidad\/\" tabindex=\"-1\" ><div class=\"elementor-post__thumbnail\"><img loading=\"lazy\" decoding=\"async\" width=\"1201\" height=\"901\" src=\"https:\/\/www.serviminas.com\/wp-content\/uploads\/2026\/02\/3.-Portada-1-100_11zon.jpg\" class=\"attachment-full size-full wp-image-376\" alt=\"\" srcset=\"https:\/\/www.serviminas.com\/wp-content\/uploads\/2026\/02\/3.-Portada-1-100_11zon.jpg 1201w, https:\/\/www.serviminas.com\/wp-content\/uploads\/2026\/02\/3.-Portada-1-100_11zon-300x225.jpg 300w, https:\/\/www.serviminas.com\/wp-content\/uploads\/2026\/02\/3.-Portada-1-100_11zon-1024x768.jpg 1024w, https:\/\/www.serviminas.com\/wp-content\/uploads\/2026\/02\/3.-Portada-1-100_11zon-768x576.jpg 768w\" sizes=\"(max-width: 1201px) 100vw, 1201px\" \/><\/div><\/a>\n\t\t\t\t<div class=\"elementor-post__text\">\n\t\t\t\t<div class=\"elementor-post__excerpt\">\n\t\t\t<p>Cuando el terreno empieza a hablar\u00a0 Antes de que exista un plano definitivo, antes de que se decida una cimentaci\u00f3n o se apruebe una inversi\u00f3n,<\/p>\n\t\t<\/div>\n\t\t\n\t\t<a class=\"elementor-post__read-more\" href=\"https:\/\/www.serviminas.com\/index.php\/2026\/02\/18\/testigos-cilindricos-informacion-critica-para-diseno-estabilidad-y-viabilidad\/\" aria-label=\"Read more about Testigos cil\u00edndricos: informaci\u00f3n cr\u00edtica para dise\u00f1o, estabilidad y viabilidad\" tabindex=\"-1\" >\n\t\t\tLeer m\u00e1s\t\t<\/a>\n\n\t\t\t\t<\/div>\n\t\t\t\t<div class=\"elementor-post__meta-data\">\n\t\t\t\t\t<span class=\"elementor-post-date\">\n\t\t\t18 febrero, 2026\t\t<\/span>\n\t\t\t\t<\/div>\n\t\t\t\t\t<\/div>\n\t\t<\/article>\n\t\t\t\t<article class=\"elementor-post elementor-grid-item post-360 post type-post status-publish format-standard has-post-thumbnail hentry category-sin-categoria\" role=\"listitem\">\n\t\t\t<div class=\"elementor-post__card\">\n\t\t\t\t<a class=\"elementor-post__thumbnail__link\" href=\"https:\/\/www.serviminas.com\/index.php\/2025\/12\/05\/exploracion-minera-base-del-desarrollo-economico-y-tecnologico-del-pais\/\" tabindex=\"-1\" ><div class=\"elementor-post__thumbnail\"><img loading=\"lazy\" decoding=\"async\" width=\"1201\" height=\"901\" src=\"https:\/\/www.serviminas.com\/wp-content\/uploads\/2025\/12\/3.-Portada-2_11zon.jpg\" class=\"attachment-full size-full wp-image-361\" alt=\"\" srcset=\"https:\/\/www.serviminas.com\/wp-content\/uploads\/2025\/12\/3.-Portada-2_11zon.jpg 1201w, https:\/\/www.serviminas.com\/wp-content\/uploads\/2025\/12\/3.-Portada-2_11zon-300x225.jpg 300w, https:\/\/www.serviminas.com\/wp-content\/uploads\/2025\/12\/3.-Portada-2_11zon-1024x768.jpg 1024w, https:\/\/www.serviminas.com\/wp-content\/uploads\/2025\/12\/3.-Portada-2_11zon-768x576.jpg 768w\" sizes=\"(max-width: 1201px) 100vw, 1201px\" \/><\/div><\/a>\n\t\t\t\t<div class=\"elementor-post__text\">\n\t\t\t\t<div class=\"elementor-post__excerpt\">\n\t\t\t<p>El progreso de un pa\u00eds comienza con informaci\u00f3n que impulsa decisiones, innovaci\u00f3n y crecimiento.\u00a0 La exploraci\u00f3n minera no solo busca recursos, sino conocimiento del subsuelo:<\/p>\n\t\t<\/div>\n\t\t\n\t\t<a class=\"elementor-post__read-more\" href=\"https:\/\/www.serviminas.com\/index.php\/2025\/12\/05\/exploracion-minera-base-del-desarrollo-economico-y-tecnologico-del-pais\/\" aria-label=\"Read more about Exploraci\u00f3n minera: base del desarrollo econ\u00f3mico y tecnol\u00f3gico del pa\u00eds\" tabindex=\"-1\" >\n\t\t\tLeer m\u00e1s\t\t<\/a>\n\n\t\t\t\t<\/div>\n\t\t\t\t<div class=\"elementor-post__meta-data\">\n\t\t\t\t\t<span class=\"elementor-post-date\">\n\t\t\t5 diciembre, 2025\t\t<\/span>\n\t\t\t\t<\/div>\n\t\t\t\t\t<\/div>\n\t\t<\/article>\n\t\t\t\t<article class=\"elementor-post elementor-grid-item post-329 post type-post status-publish format-standard has-post-thumbnail hentry category-sin-categoria\" role=\"listitem\">\n\t\t\t<div class=\"elementor-post__card\">\n\t\t\t\t<a class=\"elementor-post__thumbnail__link\" href=\"https:\/\/www.serviminas.com\/index.php\/2025\/12\/05\/perforacion-diamantina-la-clave-para-mitigar-riesgos-geologicos-en-proyectos-de-ingenieria\/\" tabindex=\"-1\" ><div class=\"elementor-post__thumbnail\"><img loading=\"lazy\" decoding=\"async\" width=\"1201\" height=\"901\" src=\"https:\/\/www.serviminas.com\/wp-content\/uploads\/2025\/12\/3.-Portada-1_11zon.jpg\" class=\"attachment-full size-full wp-image-330\" alt=\"\" srcset=\"https:\/\/www.serviminas.com\/wp-content\/uploads\/2025\/12\/3.-Portada-1_11zon.jpg 1201w, https:\/\/www.serviminas.com\/wp-content\/uploads\/2025\/12\/3.-Portada-1_11zon-300x225.jpg 300w, https:\/\/www.serviminas.com\/wp-content\/uploads\/2025\/12\/3.-Portada-1_11zon-1024x768.jpg 1024w, https:\/\/www.serviminas.com\/wp-content\/uploads\/2025\/12\/3.-Portada-1_11zon-768x576.jpg 768w\" sizes=\"(max-width: 1201px) 100vw, 1201px\" \/><\/div><\/a>\n\t\t\t\t<div class=\"elementor-post__text\">\n\t\t\t\t<div class=\"elementor-post__excerpt\">\n\t\t\t<p>Descubre c\u00f3mo la perforaci\u00f3n diamantina de Serviminas reduce riesgos geol\u00f3gicos, optimiza proyectos y garantiza seguridad desde el subsuelo.\u00a0 M\u00e1s del 55 % de los fallos<\/p>\n\t\t<\/div>\n\t\t\n\t\t<a class=\"elementor-post__read-more\" href=\"https:\/\/www.serviminas.com\/index.php\/2025\/12\/05\/perforacion-diamantina-la-clave-para-mitigar-riesgos-geologicos-en-proyectos-de-ingenieria\/\" aria-label=\"Read more about Perforaci\u00f3n diamantina: la clave para mitigar riesgos geol\u00f3gicos en proyectos de ingenier\u00eda\" tabindex=\"-1\" >\n\t\t\tLeer m\u00e1s\t\t<\/a>\n\n\t\t\t\t<\/div>\n\t\t\t\t<div class=\"elementor-post__meta-data\">\n\t\t\t\t\t<span class=\"elementor-post-date\">\n\t\t\t5 diciembre, 2025\t\t<\/span>\n\t\t\t\t<\/div>\n\t\t\t\t\t<\/div>\n\t\t<\/article>\n\t\t\t\t<\/div>\n\t\t\n\t\t\t\t\t\t<\/div>\n\t\t\t\t<\/div>\n\t\t\t\t\t<\/div>\n\t\t\t\t<\/div>\n\t\t\t\t<\/div>\n\t\t","protected":false},"excerpt":{"rendered":"","protected":false},"author":1,"featured_media":0,"parent":0,"menu_order":0,"comment_status":"closed","ping_status":"closed","template":"","meta":{"footnotes":""},"class_list":["post-21","page","type-page","status-publish","hentry"],"yoast_head":"<!-- This site is optimized with the Yoast SEO plugin v27.5 - https:\/\/yoast.com\/product\/yoast-seo-wordpress\/ -->\n<title>Blog - Serviminas<\/title>\n<meta name=\"robots\" content=\"index, follow, max-snippet:-1, max-image-preview:large, max-video-preview:-1\" \/>\n<link rel=\"canonical\" href=\"https:\/\/www.serviminas.com\/index.php\/blog\/\" \/>\n<meta property=\"og:locale\" content=\"es_ES\" \/>\n<meta property=\"og:type\" content=\"article\" \/>\n<meta property=\"og:title\" content=\"Blog - Serviminas\" \/>\n<meta property=\"og:url\" content=\"https:\/\/www.serviminas.com\/index.php\/blog\/\" \/>\n<meta property=\"og:site_name\" content=\"Serviminas\" \/>\n<meta property=\"article:modified_time\" content=\"2025-12-05T16:01:24+00:00\" \/>\n<meta property=\"og:image\" content=\"https:\/\/www.serviminas.com\/wp-content\/uploads\/2025\/12\/Banner-Web_11zon.jpg\" \/>\n<meta name=\"twitter:card\" content=\"summary_large_image\" \/>\n<meta name=\"twitter:label1\" content=\"Tiempo de lectura\" \/>\n\t<meta name=\"twitter:data1\" content=\"1 minuto\" \/>\n<script type=\"application\/ld+json\" class=\"yoast-schema-graph\">{\"@context\":\"https:\\\/\\\/schema.org\",\"@graph\":[{\"@type\":\"WebPage\",\"@id\":\"https:\\\/\\\/www.serviminas.com\\\/index.php\\\/blog\\\/\",\"url\":\"https:\\\/\\\/www.serviminas.com\\\/index.php\\\/blog\\\/\",\"name\":\"Blog - Serviminas\",\"isPartOf\":{\"@id\":\"https:\\\/\\\/www.serviminas.com\\\/#website\"},\"primaryImageOfPage\":{\"@id\":\"https:\\\/\\\/www.serviminas.com\\\/index.php\\\/blog\\\/#primaryimage\"},\"image\":{\"@id\":\"https:\\\/\\\/www.serviminas.com\\\/index.php\\\/blog\\\/#primaryimage\"},\"thumbnailUrl\":\"https:\\\/\\\/www.serviminas.com\\\/wp-content\\\/uploads\\\/2025\\\/12\\\/Banner-Web_11zon.jpg\",\"datePublished\":\"2025-08-19T21:34:57+00:00\",\"dateModified\":\"2025-12-05T16:01:24+00:00\",\"breadcrumb\":{\"@id\":\"https:\\\/\\\/www.serviminas.com\\\/index.php\\\/blog\\\/#breadcrumb\"},\"inLanguage\":\"es-CO\",\"potentialAction\":[{\"@type\":\"ReadAction\",\"target\":[\"https:\\\/\\\/www.serviminas.com\\\/index.php\\\/blog\\\/\"]}]},{\"@type\":\"ImageObject\",\"inLanguage\":\"es-CO\",\"@id\":\"https:\\\/\\\/www.serviminas.com\\\/index.php\\\/blog\\\/#primaryimage\",\"url\":\"https:\\\/\\\/www.serviminas.com\\\/wp-content\\\/uploads\\\/2025\\\/12\\\/Banner-Web_11zon.jpg\",\"contentUrl\":\"https:\\\/\\\/www.serviminas.com\\\/wp-content\\\/uploads\\\/2025\\\/12\\\/Banner-Web_11zon.jpg\",\"width\":2560,\"height\":588},{\"@type\":\"BreadcrumbList\",\"@id\":\"https:\\\/\\\/www.serviminas.com\\\/index.php\\\/blog\\\/#breadcrumb\",\"itemListElement\":[{\"@type\":\"ListItem\",\"position\":1,\"name\":\"Inicio\",\"item\":\"https:\\\/\\\/www.serviminas.com\\\/\"},{\"@type\":\"ListItem\",\"position\":2,\"name\":\"Blog\"}]},{\"@type\":\"WebSite\",\"@id\":\"https:\\\/\\\/www.serviminas.com\\\/#website\",\"url\":\"https:\\\/\\\/www.serviminas.com\\\/\",\"name\":\"Serviminas\",\"description\":\"\",\"publisher\":{\"@id\":\"https:\\\/\\\/www.serviminas.com\\\/#organization\"},\"potentialAction\":[{\"@type\":\"SearchAction\",\"target\":{\"@type\":\"EntryPoint\",\"urlTemplate\":\"https:\\\/\\\/www.serviminas.com\\\/?s={search_term_string}\"},\"query-input\":{\"@type\":\"PropertyValueSpecification\",\"valueRequired\":true,\"valueName\":\"search_term_string\"}}],\"inLanguage\":\"es-CO\"},{\"@type\":\"Organization\",\"@id\":\"https:\\\/\\\/www.serviminas.com\\\/#organization\",\"name\":\"Serviminas\",\"url\":\"https:\\\/\\\/www.serviminas.com\\\/\",\"logo\":{\"@type\":\"ImageObject\",\"inLanguage\":\"es-CO\",\"@id\":\"https:\\\/\\\/www.serviminas.com\\\/#\\\/schema\\\/logo\\\/image\\\/\",\"url\":\"https:\\\/\\\/www.serviminas.com\\\/wp-content\\\/uploads\\\/2025\\\/08\\\/Group.png\",\"contentUrl\":\"https:\\\/\\\/www.serviminas.com\\\/wp-content\\\/uploads\\\/2025\\\/08\\\/Group.png\",\"width\":915,\"height\":91,\"caption\":\"Serviminas\"},\"image\":{\"@id\":\"https:\\\/\\\/www.serviminas.com\\\/#\\\/schema\\\/logo\\\/image\\\/\"}}]}<\/script>\n<!-- \/ Yoast SEO plugin. -->","yoast_head_json":{"title":"Blog - Serviminas","robots":{"index":"index","follow":"follow","max-snippet":"max-snippet:-1","max-image-preview":"max-image-preview:large","max-video-preview":"max-video-preview:-1"},"canonical":"https:\/\/www.serviminas.com\/index.php\/blog\/","og_locale":"es_ES","og_type":"article","og_title":"Blog - Serviminas","og_url":"https:\/\/www.serviminas.com\/index.php\/blog\/","og_site_name":"Serviminas","article_modified_time":"2025-12-05T16:01:24+00:00","og_image":[{"url":"https:\/\/www.serviminas.com\/wp-content\/uploads\/2025\/12\/Banner-Web_11zon.jpg","type":"","width":"","height":""}],"twitter_card":"summary_large_image","twitter_misc":{"Tiempo de lectura":"1 minuto"},"schema":{"@context":"https:\/\/schema.org","@graph":[{"@type":"WebPage","@id":"https:\/\/www.serviminas.com\/index.php\/blog\/","url":"https:\/\/www.serviminas.com\/index.php\/blog\/","name":"Blog - Serviminas","isPartOf":{"@id":"https:\/\/www.serviminas.com\/#website"},"primaryImageOfPage":{"@id":"https:\/\/www.serviminas.com\/index.php\/blog\/#primaryimage"},"image":{"@id":"https:\/\/www.serviminas.com\/index.php\/blog\/#primaryimage"},"thumbnailUrl":"https:\/\/www.serviminas.com\/wp-content\/uploads\/2025\/12\/Banner-Web_11zon.jpg","datePublished":"2025-08-19T21:34:57+00:00","dateModified":"2025-12-05T16:01:24+00:00","breadcrumb":{"@id":"https:\/\/www.serviminas.com\/index.php\/blog\/#breadcrumb"},"inLanguage":"es-CO","potentialAction":[{"@type":"ReadAction","target":["https:\/\/www.serviminas.com\/index.php\/blog\/"]}]},{"@type":"ImageObject","inLanguage":"es-CO","@id":"https:\/\/www.serviminas.com\/index.php\/blog\/#primaryimage","url":"https:\/\/www.serviminas.com\/wp-content\/uploads\/2025\/12\/Banner-Web_11zon.jpg","contentUrl":"https:\/\/www.serviminas.com\/wp-content\/uploads\/2025\/12\/Banner-Web_11zon.jpg","width":2560,"height":588},{"@type":"BreadcrumbList","@id":"https:\/\/www.serviminas.com\/index.php\/blog\/#breadcrumb","itemListElement":[{"@type":"ListItem","position":1,"name":"Inicio","item":"https:\/\/www.serviminas.com\/"},{"@type":"ListItem","position":2,"name":"Blog"}]},{"@type":"WebSite","@id":"https:\/\/www.serviminas.com\/#website","url":"https:\/\/www.serviminas.com\/","name":"Serviminas","description":"","publisher":{"@id":"https:\/\/www.serviminas.com\/#organization"},"potentialAction":[{"@type":"SearchAction","target":{"@type":"EntryPoint","urlTemplate":"https:\/\/www.serviminas.com\/?s={search_term_string}"},"query-input":{"@type":"PropertyValueSpecification","valueRequired":true,"valueName":"search_term_string"}}],"inLanguage":"es-CO"},{"@type":"Organization","@id":"https:\/\/www.serviminas.com\/#organization","name":"Serviminas","url":"https:\/\/www.serviminas.com\/","logo":{"@type":"ImageObject","inLanguage":"es-CO","@id":"https:\/\/www.serviminas.com\/#\/schema\/logo\/image\/","url":"https:\/\/www.serviminas.com\/wp-content\/uploads\/2025\/08\/Group.png","contentUrl":"https:\/\/www.serviminas.com\/wp-content\/uploads\/2025\/08\/Group.png","width":915,"height":91,"caption":"Serviminas"},"image":{"@id":"https:\/\/www.serviminas.com\/#\/schema\/logo\/image\/"}}]}},"_links":{"self":[{"href":"https:\/\/www.serviminas.com\/index.php\/wp-json\/wp\/v2\/pages\/21","targetHints":{"allow":["GET"]}}],"collection":[{"href":"https:\/\/www.serviminas.com\/index.php\/wp-json\/wp\/v2\/pages"}],"about":[{"href":"https:\/\/www.serviminas.com\/index.php\/wp-json\/wp\/v2\/types\/page"}],"author":[{"embeddable":true,"href":"https:\/\/www.serviminas.com\/index.php\/wp-json\/wp\/v2\/users\/1"}],"replies":[{"embeddable":true,"href":"https:\/\/www.serviminas.com\/index.php\/wp-json\/wp\/v2\/comments?post=21"}],"version-history":[{"count":10,"href":"https:\/\/www.serviminas.com\/index.php\/wp-json\/wp\/v2\/pages\/21\/revisions"}],"predecessor-version":[{"id":359,"href":"https:\/\/www.serviminas.com\/index.php\/wp-json\/wp\/v2\/pages\/21\/revisions\/359"}],"wp:attachment":[{"href":"https:\/\/www.serviminas.com\/index.php\/wp-json\/wp\/v2\/media?parent=21"}],"curies":[{"name":"wp","href":"https:\/\/api.w.org\/{rel}","templated":true}]}}